{"id":14547,"date":"2024-06-26T14:41:53","date_gmt":"2024-06-26T18:41:53","guid":{"rendered":"https:\/\/www.obis.com.do\/?post_type=product&#038;p=14547"},"modified":"2024-08-20T17:36:49","modified_gmt":"2024-08-20T21:36:49","slug":"cinta-adhesiva-premium-obis-2-obis","status":"publish","type":"product","link":"https:\/\/www.obis.com.do\/index.php\/product\/cinta-adhesiva-premium-obis-2-obis\/","title":{"rendered":"Cinta adhesiva Premium Obis 2&#8243; Obis"},"content":{"rendered":"<p><strong>: Cinta Adhesiva Premium 2&#8243; Obis<\/strong><br \/>\nDescripci\u00f3n: La Cinta Adhesiva Premium 2&#8243; de OBIS es sin\u00f3nimo de durabilidad y resistencia. Ideal para aplicaciones que requieren una adhesi\u00f3n fuerte, su tama\u00f1o de 2 pulgadas cubre una gran superficie. El paquete incluye 6 unidades.<\/p>\n<p><strong>Caracter\u00edsticas:<\/strong><\/p>\n<ul>\n<li>El paquete trae 6 unidades<\/li>\n<li>Tama\u00f1o: 2 pulgadas<\/li>\n<li>Pega super bien<\/li>\n<li>Pega casi todo<\/li>\n<li>48mm x 70yds<\/li>\n<\/ul>\n","protected":false},"excerpt":{"rendered":"<p>Con la Cinta Adhesiva Premium Obis de 2 pulgadas, puedes confiar en una adherencia superior en m\u00faltiples superficies. Ideal para aplicaciones industriales y de embalaje, esta cinta asegura una sujeci\u00f3n robusta y duradera. Cada paquete incluye 6 unidades, proporcionando una soluci\u00f3n confiable para proyectos grandes y peque\u00f1os<\/p>\n","protected":false},"featured_media":12470,"template":"","meta":[],"product_cat":[161],"product_tag":[],"class_list":{"0":"post-14547","1":"product","2":"type-product","3":"status-publish","4":"has-post-thumbnail","6":"product_cat-cinta-adhesiva","8":"first","9":"instock","10":"shipping-taxable","11":"product-type-simple"},"_links":{"self":[{"href":"https:\/\/www.obis.com.do\/index.php\/wp-json\/wp\/v2\/product\/14547","targetHints":{"allow":["GET"]}}],"collection":[{"href":"https:\/\/www.obis.com.do\/index.php\/wp-json\/wp\/v2\/product"}],"about":[{"href":"https:\/\/www.obis.com.do\/index.php\/wp-json\/wp\/v2\/types\/product"}],"version-history":[{"count":0,"href":"https:\/\/www.obis.com.do\/index.php\/wp-json\/wp\/v2\/product\/14547\/revisions"}],"wp:featuredmedia":[{"embeddable":true,"href":"https:\/\/www.obis.com.do\/index.php\/wp-json\/wp\/v2\/media\/12470"}],"wp:attachment":[{"href":"https:\/\/www.obis.com.do\/index.php\/wp-json\/wp\/v2\/media?parent=14547"}],"wp:term":[{"taxonomy":"product_cat","embeddable":true,"href":"https:\/\/www.obis.com.do\/index.php\/wp-json\/wp\/v2\/product_cat?post=14547"},{"taxonomy":"product_tag","embeddable":true,"href":"https:\/\/www.obis.com.do\/index.php\/wp-json\/wp\/v2\/product_tag?post=14547"}],"curies":[{"name":"wp","href":"https:\/\/api.w.org\/{rel}","templated":true}]}}