{"id":12703,"date":"2023-04-17T10:36:12","date_gmt":"2023-04-17T14:36:12","guid":{"rendered":"http:\/\/obis.com.do\/?page_id=12703"},"modified":"2024-08-22T15:46:28","modified_gmt":"2024-08-22T19:46:28","slug":"catalogos","status":"publish","type":"page","link":"https:\/\/www.obis.com.do\/index.php\/catalogos\/","title":{"rendered":"Catalogos"},"content":{"rendered":"\t\t<div data-elementor-type=\"wp-page\" data-elementor-id=\"12703\" class=\"elementor elementor-12703\">\n\t\t\t\t\t\t<section class=\"elementor-section elementor-top-section elementor-element elementor-element-ecde644 elementor-section-boxed elementor-section-height-default elementor-section-height-default\" data-id=\"ecde644\" data-element_type=\"section\" data-e-type=\"section\">\n\t\t\t\t\t\t<div class=\"elementor-container elementor-column-gap-default\">\n\t\t\t\t\t<div class=\"elementor-column elementor-col-100 elementor-top-column elementor-element elementor-element-2e44647\" data-id=\"2e44647\" data-element_type=\"column\" data-e-type=\"column\">\n\t\t\t<div class=\"elementor-widget-wrap elementor-element-populated\">\n\t\t\t\t\t\t<div class=\"elementor-element elementor-element-6ee2b54 elementor-widget elementor-widget-text-editor\" data-id=\"6ee2b54\" data-element_type=\"widget\" data-e-type=\"widget\" data-widget_type=\"text-editor.default\">\n\t\t\t\t<div class=\"elementor-widget-container\">\n\t\t\t\t\t\t\t\t\t<p style=\"font-size: 17px;\">Nuestros cat\u00e1logos son una herramienta valiosa para explorar y descubrir nuestra amplia gama de productos. Cada cat\u00e1logo ha sido dise\u00f1ado cuidadosamente para ofrecer una experiencia de navegaci\u00f3n f\u00e1cil y agradable.<\/p><p style=\"font-size: 17px;\">En ellos, podr\u00e1s encontrar informaci\u00f3n detallada sobre cada uno de nuestros productos, as\u00ed como especificaciones t\u00e9cnicas. Adem\u00e1s, nuestros cat\u00e1logos est\u00e1n actualizados constantemente para reflejar las \u00faltimas tendencias y avances en cada una de nuestras categor\u00edas.<\/p>\t\t\t\t\t\t\t\t<\/div>\n\t\t\t\t<\/div>\n\t\t\t\t\t<\/div>\n\t\t<\/div>\n\t\t\t\t\t<\/div>\n\t\t<\/section>\n\t\t\t\t<section class=\"elementor-section elementor-top-section elementor-element elementor-element-d39e7b5 elementor-section-boxed elementor-section-height-default elementor-section-height-default\" data-id=\"d39e7b5\" data-element_type=\"section\" data-e-type=\"section\">\n\t\t\t\t\t\t<div class=\"elementor-container elementor-column-gap-default\">\n\t\t\t\t\t<div class=\"elementor-column elementor-col-100 elementor-top-column elementor-element elementor-element-12f3019\" data-id=\"12f3019\" data-element_type=\"column\" data-e-type=\"column\">\n\t\t\t<div class=\"elementor-widget-wrap elementor-element-populated\">\n\t\t\t\t\t\t<div class=\"elementor-element elementor-element-356ae49 elementor-widget elementor-widget-heading\" data-id=\"356ae49\" data-element_type=\"widget\" data-e-type=\"widget\" data-widget_type=\"heading.default\">\n\t\t\t\t<div class=\"elementor-widget-container\">\n\t\t\t\t\t<h3 class=\"elementor-heading-title elementor-size-default\">CATALOGOS OBIS 2023<\/h3>\t\t\t\t<\/div>\n\t\t\t\t<\/div>\n\t\t\t\t\t<\/div>\n\t\t<\/div>\n\t\t\t\t\t<\/div>\n\t\t<\/section>\n\t\t<div class=\"elementor-element elementor-element-2f58f21 e-flex e-con-boxed e-con e-parent\" data-id=\"2f58f21\" data-element_type=\"container\" data-e-type=\"container\">\n\t\t\t\t\t<div class=\"e-con-inner\">\n\t\t\t\t<div class=\"elementor-element elementor-element-53e6bab elementor-widget elementor-widget-image\" data-id=\"53e6bab\" data-element_type=\"widget\" data-e-type=\"widget\" data-widget_type=\"image.default\">\n\t\t\t\t<div class=\"elementor-widget-container\">\n\t\t\t\t\t\t\t\t\t\t\t\t\t\t\t\t<a href=\"#\" target=\"_blank\">\n\t\t\t\t\t\t\t<img fetchpriority=\"high\" decoding=\"async\" width=\"232\" height=\"300\" src=\"https:\/\/www.obis.com.do\/wp-content\/uploads\/2024\/08\/CATALOGO-PORTADA-232x300.png\" class=\"attachment-medium size-medium wp-image-14601\" alt=\"\" srcset=\"https:\/\/www.obis.com.do\/wp-content\/uploads\/2024\/08\/CATALOGO-PORTADA-232x300.png 232w, https:\/\/www.obis.com.do\/wp-content\/uploads\/2024\/08\/CATALOGO-PORTADA.png 537w\" sizes=\"(max-width: 232px) 100vw, 232px\" \/>\t\t\t\t\t\t\t\t<\/a>\n\t\t\t\t\t\t\t\t\t\t\t\t\t\t\t<\/div>\n\t\t\t\t<\/div>\n\t\t\t\t\t<\/div>\n\t\t\t\t<\/div>\n\t\t\t\t<\/div>\n\t\t","protected":false},"excerpt":{"rendered":"<p>Nuestros cat\u00e1logos son una herramienta valiosa para explorar y descubrir nuestra amplia gama de productos. Cada cat\u00e1logo ha sido dise\u00f1ado cuidadosamente para ofrecer una experiencia de navegaci\u00f3n f\u00e1cil y agradable. En ellos, podr\u00e1s encontrar informaci\u00f3n detallada sobre cada uno de &hellip; <a href=\"https:\/\/www.obis.com.do\/index.php\/catalogos\/\">Readmore<\/a><\/p>\n","protected":false},"author":1,"featured_media":0,"parent":0,"menu_order":0,"comment_status":"closed","ping_status":"closed","template":"","meta":{"footnotes":""},"class_list":["post-12703","page","type-page","status-publish","hentry"],"_links":{"self":[{"href":"https:\/\/www.obis.com.do\/index.php\/wp-json\/wp\/v2\/pages\/12703","targetHints":{"allow":["GET"]}}],"collection":[{"href":"https:\/\/www.obis.com.do\/index.php\/wp-json\/wp\/v2\/pages"}],"about":[{"href":"https:\/\/www.obis.com.do\/index.php\/wp-json\/wp\/v2\/types\/page"}],"author":[{"embeddable":true,"href":"https:\/\/www.obis.com.do\/index.php\/wp-json\/wp\/v2\/users\/1"}],"replies":[{"embeddable":true,"href":"https:\/\/www.obis.com.do\/index.php\/wp-json\/wp\/v2\/comments?post=12703"}],"version-history":[{"count":6,"href":"https:\/\/www.obis.com.do\/index.php\/wp-json\/wp\/v2\/pages\/12703\/revisions"}],"predecessor-version":[{"id":14731,"href":"https:\/\/www.obis.com.do\/index.php\/wp-json\/wp\/v2\/pages\/12703\/revisions\/14731"}],"wp:attachment":[{"href":"https:\/\/www.obis.com.do\/index.php\/wp-json\/wp\/v2\/media?parent=12703"}],"curies":[{"name":"wp","href":"https:\/\/api.w.org\/{rel}","templated":true}]}}